{"id":727,"date":"2019-06-15T11:39:03","date_gmt":"2019-06-15T11:39:03","guid":{"rendered":"https:\/\/hedgehog-marketing.hr\/?page_id=727"},"modified":"2020-12-04T13:56:06","modified_gmt":"2020-12-04T13:56:06","slug":"zastita-privatnosti","status":"publish","type":"page","link":"https:\/\/hedgehog-marketing.hr\/en\/zastita-privatnosti\/","title":{"rendered":"Za\u0161tita privatnosti"},"content":{"rendered":"<div data-elementor-type=\"wp-post\" data-elementor-id=\"727\" class=\"elementor elementor-727\">\n\t\t\t\t\t\t<section class=\"elementor-section elementor-top-section elementor-element elementor-element-8a0389a elementor-section-full_width elementor-section-height-min-height elementor-section-height-default elementor-section-items-middle\" data-id=\"8a0389a\" data-element_type=\"section\" data-e-type=\"section\" data-settings=\"{&quot;background_background&quot;:&quot;classic&quot;}\">\n\t\t\t\t\t\t\t<div class=\"elementor-background-overlay\"><\/div>\n\t\t\t\t\t\t\t<div class=\"elementor-container elementor-column-gap-default\">\n\t\t\t\t\t<div class=\"elementor-column elementor-col-100 elementor-top-column elementor-element elementor-element-e8f2c62\" data-id=\"e8f2c62\" data-element_type=\"column\" data-e-type=\"column\">\n\t\t\t<div class=\"elementor-widget-wrap\">\n\t\t\t\t\t\t\t<\/div>\n\t\t<\/div>\n\t\t\t\t\t<\/div>\n\t\t<\/section>\n\t\t\t\t<section class=\"elementor-section elementor-top-section elementor-element elementor-element-e731feb elementor-section-boxed elementor-section-height-default elementor-section-height-default\" data-id=\"e731feb\" data-element_type=\"section\" data-e-type=\"section\">\n\t\t\t\t\t\t<div class=\"elementor-container elementor-column-gap-default\">\n\t\t\t\t\t<div class=\"elementor-column elementor-col-50 elementor-top-column elementor-element elementor-element-fa0239b\" data-id=\"fa0239b\" data-element_type=\"column\" data-e-type=\"column\" data-settings=\"{&quot;background_background&quot;:&quot;classic&quot;}\">\n\t\t\t<div class=\"elementor-widget-wrap elementor-element-populated\">\n\t\t\t\t\t\t<div class=\"elementor-element elementor-element-aa18ade elementor-widget elementor-widget-heading\" data-id=\"aa18ade\" data-element_type=\"widget\" data-e-type=\"widget\" data-widget_type=\"heading.default\">\n\t\t\t\t<div class=\"elementor-widget-container\">\n\t\t\t\t\t<p class=\"elementor-heading-title elementor-size-default\">SIGURNOST<\/p>\t\t\t\t<\/div>\n\t\t\t\t<\/div>\n\t\t\t\t<div class=\"elementor-element elementor-element-87a6ab3 elementor-widget-divider--view-line elementor-widget elementor-widget-divider\" data-id=\"87a6ab3\" data-element_type=\"widget\" data-e-type=\"widget\" data-widget_type=\"divider.default\">\n\t\t\t\t<div class=\"elementor-widget-container\">\n\t\t\t\t\t\t\t<div class=\"elementor-divider\">\n\t\t\t<span class=\"elementor-divider-separator\">\n\t\t\t\t\t\t<\/span>\n\t\t<\/div>\n\t\t\t\t\t\t<\/div>\n\t\t\t\t<\/div>\n\t\t\t\t<div class=\"elementor-element elementor-element-d8c3bcb elementor-widget elementor-widget-heading\" data-id=\"d8c3bcb\" data-element_type=\"widget\" data-e-type=\"widget\" data-widget_type=\"heading.default\">\n\t\t\t\t<div class=\"elementor-widget-container\">\n\t\t\t\t\t<h1 class=\"elementor-heading-title elementor-size-large\">Za\u0161tita privatnosti i osobnih podataka<\/h1>\t\t\t\t<\/div>\n\t\t\t\t<\/div>\n\t\t\t\t\t<\/div>\n\t\t<\/div>\n\t\t\t\t<div class=\"elementor-column elementor-col-50 elementor-top-column elementor-element elementor-element-7bcba99\" data-id=\"7bcba99\" data-element_type=\"column\" data-e-type=\"column\" data-settings=\"{&quot;background_background&quot;:&quot;classic&quot;}\">\n\t\t\t<div class=\"elementor-widget-wrap\">\n\t\t\t\t\t\t\t<\/div>\n\t\t<\/div>\n\t\t\t\t\t<\/div>\n\t\t<\/section>\n\t\t\t\t<section class=\"elementor-section elementor-top-section elementor-element elementor-element-a4e0d5e elementor-section-boxed elementor-section-height-default elementor-section-height-default\" data-id=\"a4e0d5e\" data-element_type=\"section\" data-e-type=\"section\">\n\t\t\t\t\t\t<div class=\"elementor-container elementor-column-gap-default\">\n\t\t\t\t\t<div class=\"elementor-column elementor-col-100 elementor-top-column elementor-element elementor-element-dd92882\" data-id=\"dd92882\" data-element_type=\"column\" data-e-type=\"column\" data-settings=\"{&quot;background_background&quot;:&quot;classic&quot;}\">\n\t\t\t<div class=\"elementor-widget-wrap elementor-element-populated\">\n\t\t\t\t\t\t<div class=\"elementor-element elementor-element-bb9028b elementor-widget elementor-widget-heading\" data-id=\"bb9028b\" data-element_type=\"widget\" data-e-type=\"widget\" data-widget_type=\"heading.default\">\n\t\t\t\t<div class=\"elementor-widget-container\">\n\t\t\t\t\t<h2 class=\"elementor-heading-title elementor-size-large\">Podaci koje prikupljamo<\/h2>\t\t\t\t<\/div>\n\t\t\t\t<\/div>\n\t\t\t\t<div class=\"elementor-element elementor-element-5667842 elementor-widget elementor-widget-text-editor\" data-id=\"5667842\" data-element_type=\"widget\" data-e-type=\"widget\" data-widget_type=\"text-editor.default\">\n\t\t\t\t<div class=\"elementor-widget-container\">\n\t\t\t\t\t\t\t\t\t<p>Osobne informacije<\/p><p class=\"text-description\">Kada nam po\u0161aljete mail, u na\u0161em inbox sandu\u010di\u0107u \u0107e ostati informacije koje ste naveli prilikom slanja maila, kako bi znali s kime komuniciramo i kako da vam se javimo sa povratnom informacijom.<\/p><p class=\"title orange\">(&#8220;Log Data&#8221;) Podaci o pregledu<\/p><p>Kada koristite internet preglednik, on mo\u017ee slati razne informacije kao \u0161to su tip preglednika, lokacija, u koje vrijeme posje\u0107ujete web stranice, vrijeme koje ste proveli na web sgtranicama, a koje slu\u017ee u svrhu statistike kako bi dobili sliku koje stranice su vam od najve\u0107e koristi, na \u0161to bi se trebali vi\u0161e fokusirati, \u0161to bi mogli pobolj\u0161ati.<\/p>\t\t\t\t\t\t\t\t<\/div>\n\t\t\t\t<\/div>\n\t\t\t\t<div class=\"elementor-element elementor-element-7ebb2e6 elementor-widget elementor-widget-heading\" data-id=\"7ebb2e6\" data-element_type=\"widget\" data-e-type=\"widget\" data-widget_type=\"heading.default\">\n\t\t\t\t<div class=\"elementor-widget-container\">\n\t\t\t\t\t<h2 class=\"elementor-heading-title elementor-size-large\">Kola\u010di\u0107i (\"Cookies\")<\/h2>\t\t\t\t<\/div>\n\t\t\t\t<\/div>\n\t\t\t\t<div class=\"elementor-element elementor-element-1d92951 elementor-widget elementor-widget-text-editor\" data-id=\"1d92951\" data-element_type=\"widget\" data-e-type=\"widget\" data-widget_type=\"text-editor.default\">\n\t\t\t\t<div class=\"elementor-widget-container\">\n\t\t\t\t\t\t\t\t\t<p class=\"text-description\">Kola\u010di\u0107i (&#8220;Cookies&#8221;) su male datoteke koje web stanice ili pru\u017eatelji internet usluga \u0161alju na va\u0161e ra\u010dunalo kako bi, uz va\u0161e dopu\u0161tenje, prikupili podatke o pregledavanju (&#8220;Log Data&#8221;) koji se onda koriste u svrhu statistike kako je navedeno u ranije.<\/p><p class=\"text-description\">Kola\u010di\u0107e (&#8220;Cookies&#8221;) mo\u017eete u bilo kojem trenutku isklju\u010diti\/blokirati\/brisati putem va\u0161eg web peglednika.<\/p>\t\t\t\t\t\t\t\t<\/div>\n\t\t\t\t<\/div>\n\t\t\t\t<div class=\"elementor-element elementor-element-2f5da35 elementor-widget elementor-widget-heading\" data-id=\"2f5da35\" data-element_type=\"widget\" data-e-type=\"widget\" data-widget_type=\"heading.default\">\n\t\t\t\t<div class=\"elementor-widget-container\">\n\t\t\t\t\t<h2 class=\"elementor-heading-title elementor-size-large\">Kako \u0161titimo va\u0161e podatke?<\/h2>\t\t\t\t<\/div>\n\t\t\t\t<\/div>\n\t\t\t\t<div class=\"elementor-element elementor-element-a5e5d38 elementor-widget elementor-widget-text-editor\" data-id=\"a5e5d38\" data-element_type=\"widget\" data-e-type=\"widget\" data-widget_type=\"text-editor.default\">\n\t\t\t\t<div class=\"elementor-widget-container\">\n\t\t\t\t\t\t\t\t\t<p>Koristimo Secure Socket Layer &#8211; SSL (htttps:) sigurnosni certifikat koji \u0161titi va\u0161e informacije kada &#8220;putuju&#8221; po internet mre\u017ei, kako bi pru\u017eili privatnost i sigurnost va\u0161im osobnim podacima i na\u0161im web stranicama.<\/p><p>Va\u0161e osobne informacije (ime, prezime, e-mail adresa, sadr\u017eaj e-mail poruke koju nam po\u0161aljete) spremljene su jedino u na\u0161em inbox sandu\u010di\u0107u (gmail).<\/p><p>U bilo kojem trenutku mo\u017eete zatra\u017eiti brisanje va\u0161ih osobnih podataka koje ste nam poslali.<\/p><p>Ne prodajemo niti dajemo na uvid va\u0161e osobne podatke kako bi osigurali maksimalnu privatnosti i profesionalnost tvrtke.<\/p>\t\t\t\t\t\t\t\t<\/div>\n\t\t\t\t<\/div>\n\t\t\t\t<div class=\"elementor-element elementor-element-094494b elementor-widget elementor-widget-heading\" data-id=\"094494b\" data-element_type=\"widget\" data-e-type=\"widget\" data-widget_type=\"heading.default\">\n\t\t\t\t<div class=\"elementor-widget-container\">\n\t\t\t\t\t<h2 class=\"elementor-heading-title elementor-size-large\">Kontaktirajte nas<\/h2>\t\t\t\t<\/div>\n\t\t\t\t<\/div>\n\t\t\t\t<div class=\"elementor-element elementor-element-a768c90 elementor-widget elementor-widget-text-editor\" data-id=\"a768c90\" data-element_type=\"widget\" data-e-type=\"widget\" data-widget_type=\"text-editor.default\">\n\t\t\t\t<div class=\"elementor-widget-container\">\n\t\t\t\t\t\t\t\t\t<p>U vezi bilo kakvih dodatnih pitanja u vezi va\u0161e sigurnosti mo\u017eete nam se javiti putem e-maila: <a href=\"mailto:info@hedgehog-marketing.hr?Subject=MAILSAHOMEPAGEA\">info@hedgehog-marketing.hr<\/a>.<\/p>\t\t\t\t\t\t\t\t<\/div>\n\t\t\t\t<\/div>\n\t\t\t\t\t<\/div>\n\t\t<\/div>\n\t\t\t\t\t<\/div>\n\t\t<\/section>\n\t\t\t\t<\/div>","protected":false},"excerpt":{"rendered":"<p>SIGURNOST Za\u0161tita privatnosti i osobnih podataka Podaci koje prikupljamo Osobne informacije Kada nam po\u0161aljete mail, u na\u0161em inbox sandu\u010di\u0107u \u0107e ostati informacije koje ste naveli prilikom slanja maila, kako bi znali s kime komuniciramo i kako da vam se javimo sa povratnom informacijom. (&#8220;Log Data&#8221;) Podaci o pregledu Kada koristite internet preglednik, on mo\u017ee slati [&hellip;]<\/p>\n","protected":false},"author":1,"featured_media":0,"parent":0,"menu_order":0,"comment_status":"closed","ping_status":"closed","template":"","meta":{"site-sidebar-layout":"no-sidebar","site-content-layout":"page-builder","ast-site-content-layout":"","site-content-style":"default","site-sidebar-style":"default","ast-global-header-display":"","ast-banner-title-visibility":"","ast-main-header-display":"","ast-hfb-above-header-display":"","ast-hfb-below-header-display":"","ast-hfb-mobile-header-display":"","site-post-title":"disabled","ast-breadcrumbs-content":"","ast-featured-img":"disabled","footer-sml-layout":"","theme-transparent-header-meta":"default","adv-header-id-meta":"","stick-header-meta":"","header-above-stick-meta":"","header-main-stick-meta":"","header-below-stick-meta":"","astra-migrate-meta-layouts":"default","ast-page-background-enabled":"default","ast-page-background-meta":{"desktop":{"background-color":"","background-image":"","background-repeat":"repeat","background-position":"center center","background-size":"auto","background-attachment":"scroll","background-type":"","background-media":"","overlay-type":"","overlay-color":"","overlay-opacity":"","overlay-gradient":""},"tablet":{"background-color":"","background-image":"","background-repeat":"repeat","background-position":"center center","background-size":"auto","background-attachment":"scroll","background-type":"","background-media":"","overlay-type":"","overlay-color":"","overlay-opacity":"","overlay-gradient":""},"mobile":{"background-color":"","background-image":"","background-repeat":"repeat","background-position":"center center","background-size":"auto","background-attachment":"scroll","background-type":"","background-media":"","overlay-type":"","overlay-color":"","overlay-opacity":"","overlay-gradient":""}},"ast-content-background-meta":{"desktop":{"background-color":"var(--ast-global-color-5)","background-image":"","background-repeat":"repeat","background-position":"center center","background-size":"auto","background-attachment":"scroll","background-type":"","background-media":"","overlay-type":"","overlay-color":"","overlay-opacity":"","overlay-gradient":""},"tablet":{"background-color":"var(--ast-global-color-5)","background-image":"","background-repeat":"repeat","background-position":"center center","background-size":"auto","background-attachment":"scroll","background-type":"","background-media":"","overlay-type":"","overlay-color":"","overlay-opacity":"","overlay-gradient":""},"mobile":{"background-color":"var(--ast-global-color-5)","background-image":"","background-repeat":"repeat","background-position":"center center","background-size":"auto","background-attachment":"scroll","background-type":"","background-media":"","overlay-type":"","overlay-color":"","overlay-opacity":"","overlay-gradient":""}},"footnotes":""},"class_list":["post-727","page","type-page","status-publish","hentry"],"yoast_head":"<!-- This site is optimized with the Yoast SEO plugin v25.6 - https:\/\/yoast.com\/wordpress\/plugins\/seo\/ -->\n<title>Za\u0161tita privatnosti - Hedgehog Marketing HR | Web stranice | Digitalni marketing<\/title>\n<meta name=\"robots\" content=\"index, follow, max-snippet:-1, max-image-preview:large, max-video-preview:-1\" \/>\n<link rel=\"canonical\" href=\"https:\/\/hedgehog-marketing.hr\/en\/zastita-privatnosti\/\" \/>\n<meta property=\"og:locale\" content=\"en_GB\" \/>\n<meta property=\"og:type\" content=\"article\" \/>\n<meta property=\"og:title\" content=\"Za\u0161tita privatnosti - Hedgehog Marketing HR | Web stranice | Digitalni marketing\" \/>\n<meta property=\"og:description\" content=\"SIGURNOST Za\u0161tita privatnosti i osobnih podataka Podaci koje prikupljamo Osobne informacije Kada nam po\u0161aljete mail, u na\u0161em inbox sandu\u010di\u0107u \u0107e ostati informacije koje ste naveli prilikom slanja maila, kako bi znali s kime komuniciramo i kako da vam se javimo sa povratnom informacijom. (&#8220;Log Data&#8221;) Podaci o pregledu Kada koristite internet preglednik, on mo\u017ee slati [&hellip;]\" \/>\n<meta property=\"og:url\" content=\"https:\/\/hedgehog-marketing.hr\/en\/zastita-privatnosti\/\" \/>\n<meta property=\"og:site_name\" content=\"Hedgehog marketing HR\" \/>\n<meta property=\"article:modified_time\" content=\"2020-12-04T13:56:06+00:00\" \/>\n<meta name=\"twitter:card\" content=\"summary_large_image\" \/>\n<meta name=\"twitter:label1\" content=\"Estimated reading time\" \/>\n\t<meta name=\"twitter:data1\" content=\"2 minutes\" \/>\n<script type=\"application\/ld+json\" class=\"yoast-schema-graph\">{\"@context\":\"https:\/\/schema.org\",\"@graph\":[{\"@type\":\"WebPage\",\"@id\":\"https:\/\/hedgehog-marketing.hr\/zastita-privatnosti\/\",\"url\":\"https:\/\/hedgehog-marketing.hr\/zastita-privatnosti\/\",\"name\":\"Za\u0161tita privatnosti - Hedgehog Marketing HR | Web stranice | Digitalni marketing\",\"isPartOf\":{\"@id\":\"https:\/\/hedgehog-marketing.hr\/#website\"},\"datePublished\":\"2019-06-15T11:39:03+00:00\",\"dateModified\":\"2020-12-04T13:56:06+00:00\",\"breadcrumb\":{\"@id\":\"https:\/\/hedgehog-marketing.hr\/zastita-privatnosti\/#breadcrumb\"},\"inLanguage\":\"en-GB\",\"potentialAction\":[{\"@type\":\"ReadAction\",\"target\":[\"https:\/\/hedgehog-marketing.hr\/zastita-privatnosti\/\"]}]},{\"@type\":\"BreadcrumbList\",\"@id\":\"https:\/\/hedgehog-marketing.hr\/zastita-privatnosti\/#breadcrumb\",\"itemListElement\":[{\"@type\":\"ListItem\",\"position\":1,\"name\":\"Home\",\"item\":\"https:\/\/hedgehog-marketing.hr\/\"},{\"@type\":\"ListItem\",\"position\":2,\"name\":\"Za\u0161tita privatnosti\"}]},{\"@type\":\"WebSite\",\"@id\":\"https:\/\/hedgehog-marketing.hr\/#website\",\"url\":\"https:\/\/hedgehog-marketing.hr\/\",\"name\":\"Hedgehog marketing HR\",\"description\":\"Izrada web stranica\",\"publisher\":{\"@id\":\"https:\/\/hedgehog-marketing.hr\/#organization\"},\"potentialAction\":[{\"@type\":\"SearchAction\",\"target\":{\"@type\":\"EntryPoint\",\"urlTemplate\":\"https:\/\/hedgehog-marketing.hr\/?s={search_term_string}\"},\"query-input\":{\"@type\":\"PropertyValueSpecification\",\"valueRequired\":true,\"valueName\":\"search_term_string\"}}],\"inLanguage\":\"en-GB\"},{\"@type\":\"Organization\",\"@id\":\"https:\/\/hedgehog-marketing.hr\/#organization\",\"name\":\"Hedgehog Marketing\",\"url\":\"https:\/\/hedgehog-marketing.hr\/\",\"logo\":{\"@type\":\"ImageObject\",\"inLanguage\":\"en-GB\",\"@id\":\"https:\/\/hedgehog-marketing.hr\/#\/schema\/logo\/image\/\",\"url\":\"https:\/\/hedgehog-marketing.hr\/wp-content\/uploads\/2019\/06\/cropped-logo-simple-black.png\",\"contentUrl\":\"https:\/\/hedgehog-marketing.hr\/wp-content\/uploads\/2019\/06\/cropped-logo-simple-black.png\",\"width\":497,\"height\":188,\"caption\":\"Hedgehog Marketing\"},\"image\":{\"@id\":\"https:\/\/hedgehog-marketing.hr\/#\/schema\/logo\/image\/\"},\"sameAs\":[\"https:\/\/www.youtube.com\/channel\/UC-AmHW8G0eIh7YjkB2qi3pA\"]}]}<\/script>\n<!-- \/ Yoast SEO plugin. -->","yoast_head_json":{"title":"Za\u0161tita privatnosti - Hedgehog Marketing HR | Web stranice | Digitalni marketing","robots":{"index":"index","follow":"follow","max-snippet":"max-snippet:-1","max-image-preview":"max-image-preview:large","max-video-preview":"max-video-preview:-1"},"canonical":"https:\/\/hedgehog-marketing.hr\/en\/zastita-privatnosti\/","og_locale":"en_GB","og_type":"article","og_title":"Za\u0161tita privatnosti - Hedgehog Marketing HR | Web stranice | Digitalni marketing","og_description":"SIGURNOST Za\u0161tita privatnosti i osobnih podataka Podaci koje prikupljamo Osobne informacije Kada nam po\u0161aljete mail, u na\u0161em inbox sandu\u010di\u0107u \u0107e ostati informacije koje ste naveli prilikom slanja maila, kako bi znali s kime komuniciramo i kako da vam se javimo sa povratnom informacijom. (&#8220;Log Data&#8221;) Podaci o pregledu Kada koristite internet preglednik, on mo\u017ee slati [&hellip;]","og_url":"https:\/\/hedgehog-marketing.hr\/en\/zastita-privatnosti\/","og_site_name":"Hedgehog marketing HR","article_modified_time":"2020-12-04T13:56:06+00:00","twitter_card":"summary_large_image","twitter_misc":{"Estimated reading time":"2 minutes"},"schema":{"@context":"https:\/\/schema.org","@graph":[{"@type":"WebPage","@id":"https:\/\/hedgehog-marketing.hr\/zastita-privatnosti\/","url":"https:\/\/hedgehog-marketing.hr\/zastita-privatnosti\/","name":"Za\u0161tita privatnosti - Hedgehog Marketing HR | Web stranice | Digitalni marketing","isPartOf":{"@id":"https:\/\/hedgehog-marketing.hr\/#website"},"datePublished":"2019-06-15T11:39:03+00:00","dateModified":"2020-12-04T13:56:06+00:00","breadcrumb":{"@id":"https:\/\/hedgehog-marketing.hr\/zastita-privatnosti\/#breadcrumb"},"inLanguage":"en-GB","potentialAction":[{"@type":"ReadAction","target":["https:\/\/hedgehog-marketing.hr\/zastita-privatnosti\/"]}]},{"@type":"BreadcrumbList","@id":"https:\/\/hedgehog-marketing.hr\/zastita-privatnosti\/#breadcrumb","itemListElement":[{"@type":"ListItem","position":1,"name":"Home","item":"https:\/\/hedgehog-marketing.hr\/"},{"@type":"ListItem","position":2,"name":"Za\u0161tita privatnosti"}]},{"@type":"WebSite","@id":"https:\/\/hedgehog-marketing.hr\/#website","url":"https:\/\/hedgehog-marketing.hr\/","name":"Hedgehog marketing HR","description":"Izrada web stranica","publisher":{"@id":"https:\/\/hedgehog-marketing.hr\/#organization"},"potentialAction":[{"@type":"SearchAction","target":{"@type":"EntryPoint","urlTemplate":"https:\/\/hedgehog-marketing.hr\/?s={search_term_string}"},"query-input":{"@type":"PropertyValueSpecification","valueRequired":true,"valueName":"search_term_string"}}],"inLanguage":"en-GB"},{"@type":"Organization","@id":"https:\/\/hedgehog-marketing.hr\/#organization","name":"Hedgehog Marketing","url":"https:\/\/hedgehog-marketing.hr\/","logo":{"@type":"ImageObject","inLanguage":"en-GB","@id":"https:\/\/hedgehog-marketing.hr\/#\/schema\/logo\/image\/","url":"https:\/\/hedgehog-marketing.hr\/wp-content\/uploads\/2019\/06\/cropped-logo-simple-black.png","contentUrl":"https:\/\/hedgehog-marketing.hr\/wp-content\/uploads\/2019\/06\/cropped-logo-simple-black.png","width":497,"height":188,"caption":"Hedgehog Marketing"},"image":{"@id":"https:\/\/hedgehog-marketing.hr\/#\/schema\/logo\/image\/"},"sameAs":["https:\/\/www.youtube.com\/channel\/UC-AmHW8G0eIh7YjkB2qi3pA"]}]}},"_links":{"self":[{"href":"https:\/\/hedgehog-marketing.hr\/en\/wp-json\/wp\/v2\/pages\/727"}],"collection":[{"href":"https:\/\/hedgehog-marketing.hr\/en\/wp-json\/wp\/v2\/pages"}],"about":[{"href":"https:\/\/hedgehog-marketing.hr\/en\/wp-json\/wp\/v2\/types\/page"}],"author":[{"embeddable":true,"href":"https:\/\/hedgehog-marketing.hr\/en\/wp-json\/wp\/v2\/users\/1"}],"replies":[{"embeddable":true,"href":"https:\/\/hedgehog-marketing.hr\/en\/wp-json\/wp\/v2\/comments?post=727"}],"version-history":[{"count":25,"href":"https:\/\/hedgehog-marketing.hr\/en\/wp-json\/wp\/v2\/pages\/727\/revisions"}],"predecessor-version":[{"id":1927,"href":"https:\/\/hedgehog-marketing.hr\/en\/wp-json\/wp\/v2\/pages\/727\/revisions\/1927"}],"wp:attachment":[{"href":"https:\/\/hedgehog-marketing.hr\/en\/wp-json\/wp\/v2\/media?parent=727"}],"curies":[{"name":"wp","href":"https:\/\/api.w.org\/{rel}","templated":true}]}}